{"id":597,"date":"2022-05-03T15:25:10","date_gmt":"2022-05-03T13:25:10","guid":{"rendered":"https:\/\/ceralis-sites-web-vm.fr\/monsitefacile\/maisonsaintnicolas\/activities\/"},"modified":"2024-04-09T11:22:53","modified_gmt":"2024-04-09T09:22:53","slug":"activities","status":"publish","type":"page","link":"https:\/\/www.maison-saint-nicolas.com\/en\/activities\/","title":{"rendered":"Activities"},"content":{"rendered":"<p>[et_pb_section fb_built=&#8221;1&#8243; admin_label=&#8221;section&#8221; _builder_version=&#8221;4.16&#8243; global_colors_info=&#8221;{}&#8221;][et_pb_row column_structure=&#8221;1_3,1_3,1_3&#8243; admin_label=&#8221;row&#8221; _builder_version=&#8221;4.17.3&#8243; background_size=&#8221;initial&#8221; background_position=&#8221;top_left&#8221; background_repeat=&#8221;repeat&#8221; global_colors_info=&#8221;{}&#8221;][et_pb_column type=&#8221;1_3&#8243; _builder_version=&#8221;4.16&#8243; custom_padding=&#8221;|||&#8221; global_colors_info=&#8221;{}&#8221; custom_padding__hover=&#8221;|||&#8221;][\/et_pb_column][et_pb_column type=&#8221;1_3&#8243; _builder_version=&#8221;4.16&#8243; custom_padding=&#8221;|||&#8221; global_colors_info=&#8221;{}&#8221; custom_padding__hover=&#8221;|||&#8221;][\/et_pb_column][et_pb_column type=&#8221;1_3&#8243; _builder_version=&#8221;4.16&#8243; custom_padding=&#8221;|||&#8221; global_colors_info=&#8221;{}&#8221; custom_padding__hover=&#8221;|||&#8221;][\/et_pb_column][\/et_pb_row][\/et_pb_section]<\/p>\n","protected":false},"excerpt":{"rendered":"<p>Going on a bike ride is an opportunity to get some fresh air and, above all, to have a good time with your family. Or with friends, for children, or teenagers, a little older and more independent. It is an ecological leisure.<\/p>\n","protected":false},"author":3,"featured_media":1237,"parent":0,"menu_order":0,"comment_status":"closed","ping_status":"closed","template":"","meta":{"_seopress_robots_primary_cat":"","_seopress_titles_title":"Des promenades en pleine nature, une visite en kayak ? Le choix d&#039;activit\u00e9s est large et il est \u00e0 vous !","_seopress_titles_desc":"Plein d&#039;activit\u00e9s et loisirs \u00e0 faire \u00e0 proximit\u00e9 du Havre. Quoi de mieux pour d\u00e9couvrir la Normandie que de faire des activit\u00e9s insolites en plein air, comme des balades \u00e0 cheval, une randonn\u00e9e p\u00e9destre pour visiter la Normandie, ses Ch\u00e2teaux, Abbaye, le Mont Saint Michel... ou bien des activit\u00e9s nautiques, comme des balades en cano\u00eb, du jet ski et autres sports aquatiques ! D\u00e9couvrez notre s\u00e9lection d&#039;activit\u00e9s atypiques \u00e0 faire parmi les nombreuses activit\u00e9s et sports nautiques qu&#039;offre la r\u00e9gion Normandie ! ","_seopress_robots_index":"","_seopress_analysis_target_kw":"activit\u00e9s sportives,canoe,kayak,velo,voie verte,location velo,livraison v\u00e9lo","_et_pb_use_builder":"on","_et_pb_old_content":"","_et_gb_content_width":"","footnotes":""},"class_list":["post-597","page","type-page","status-publish","has-post-thumbnail","hentry"],"_links":{"self":[{"href":"https:\/\/www.maison-saint-nicolas.com\/en\/wp-json\/wp\/v2\/pages\/597","targetHints":{"allow":["GET"]}}],"collection":[{"href":"https:\/\/www.maison-saint-nicolas.com\/en\/wp-json\/wp\/v2\/pages"}],"about":[{"href":"https:\/\/www.maison-saint-nicolas.com\/en\/wp-json\/wp\/v2\/types\/page"}],"author":[{"embeddable":true,"href":"https:\/\/www.maison-saint-nicolas.com\/en\/wp-json\/wp\/v2\/users\/3"}],"replies":[{"embeddable":true,"href":"https:\/\/www.maison-saint-nicolas.com\/en\/wp-json\/wp\/v2\/comments?post=597"}],"version-history":[{"count":0,"href":"https:\/\/www.maison-saint-nicolas.com\/en\/wp-json\/wp\/v2\/pages\/597\/revisions"}],"wp:featuredmedia":[{"embeddable":true,"href":"https:\/\/www.maison-saint-nicolas.com\/en\/wp-json\/wp\/v2\/media\/1237"}],"wp:attachment":[{"href":"https:\/\/www.maison-saint-nicolas.com\/en\/wp-json\/wp\/v2\/media?parent=597"}],"curies":[{"name":"wp","href":"https:\/\/api.w.org\/{rel}","templated":true}]}}